{"id":13,"date":"2016-01-20T10:47:39","date_gmt":"2016-01-20T09:47:39","guid":{"rendered":"http:\/\/comedordelarte.at\/?page_id=13"},"modified":"2026-03-22T18:25:57","modified_gmt":"2026-03-22T17:25:57","slug":"team","status":"publish","type":"page","link":"https:\/\/comedordelarte.at\/de\/das-haus\/team\/","title":{"rendered":"Das aktuelle Team"},"content":{"rendered":"<p><strong>\u00a0<\/strong><\/p>\n<p><a href=\"https:\/\/comedordelarte.at\/wp-content\/uploads\/2026\/03\/Alexandra-Portrait_2025.jpg\"><img loading=\"lazy\" decoding=\"async\" class=\"wp-image-3333 alignleft\" src=\"https:\/\/comedordelarte.at\/wp-content\/uploads\/2026\/03\/Alexandra-Portrait_2025-300x300.jpg\" alt=\"\" width=\"229\" height=\"229\" srcset=\"https:\/\/comedordelarte.at\/wp-content\/uploads\/2026\/03\/Alexandra-Portrait_2025-300x300.jpg 300w, https:\/\/comedordelarte.at\/wp-content\/uploads\/2026\/03\/Alexandra-Portrait_2025-150x150.jpg 150w, https:\/\/comedordelarte.at\/wp-content\/uploads\/2026\/03\/Alexandra-Portrait_2025.jpg 629w\" sizes=\"auto, (max-width: 229px) 100vw, 229px\" \/><\/a> Seit J\u00e4nner 2017 ist <strong>Alexandra Eichenauer-Knoll<\/strong> die Obfrau von Herzverstand, dem Tr\u00e4gerverein des Comedor del Arte. Acht Jahre k\u00fcmmerte sie sich um Workshops im Haus, half mit Deutschunterricht, betreute die Website und schrieb die vielen guten Geschichten in Blogeintr\u00e4gen nieder. Seit dem Tod von Franz Witzmann im Juli 2023 ist sie allein f\u00fcr die Verteilung der Spenden und Mitgliedsbeitr\u00e4ge an bed\u00fcrftige Personen verantwortlich und h\u00e4lt weiterhin den Kontakt zur Comedor-Familie. Au\u00dferdem ist Alexandra bei <a href=\"https:\/\/zusammenhaltnoe.at\" target=\"_blank\" rel=\"noopener\">#zusammenHaltN\u00d6<\/a> aktiv, einer wichtigen \u00a0Vernetzungsplattform u.a. \u00a0f\u00fcr Vereine, die 2015 im Zuge der dramatischen Flucht-Ereignisse entstanden sind.<\/p>\n<p>E-Mail:\u00a0 <a href=\"mailto:alexandra@comedordelarte.at\">alexandra@comedordelarte.at<\/a><\/p>\n<p><a href=\"http:\/\/comedordelarte.at\/wp-content\/uploads\/2018\/01\/Team_Renate.jpg\"><img loading=\"lazy\" decoding=\"async\" class=\"wp-image-1611 alignleft\" src=\"http:\/\/comedordelarte.at\/wp-content\/uploads\/2018\/01\/Team_Renate-300x281.jpg\" alt=\"\" width=\"216\" height=\"203\" srcset=\"https:\/\/comedordelarte.at\/wp-content\/uploads\/2018\/01\/Team_Renate-300x281.jpg 300w, https:\/\/comedordelarte.at\/wp-content\/uploads\/2018\/01\/Team_Renate-768x720.jpg 768w, https:\/\/comedordelarte.at\/wp-content\/uploads\/2018\/01\/Team_Renate.jpg 800w\" sizes=\"auto, (max-width: 216px) 100vw, 216px\" \/><\/a><strong>Renate H\u00f6fler <\/strong>war von Anfang an als Sch\u00fclerin beim Arabischkurs dabei, den Ghazi Hares bei uns veranstaltet.\u00a0 Sie wei\u00df also besonders gut, wie schwierig es ist eine Sprache zu lernen, die so ganz anders als die eigene Muttersprache funktioniert. Solange das Haus Comedor del Arte existierte, \u00a0unterst\u00fctzte sie nachmittags auch unsere Deutschlerngruppen und half bis zum Schluss den Kindern bei ihren Hausaufgaben. Au\u00dferdem ist uns Renate als talentierte Verk\u00e4uferin und mit ihrer herzerfrischenden Art auch bei vielen Comedor-Auftritten eine wichtige St\u00fctze. Renate ist auch Vorstandsmitglied des Vereins Herzverstand.<\/p>\n<p><strong><a href=\"https:\/\/comedordelarte.at\/wp-content\/uploads\/2026\/03\/Joschi_Portrait.jpg\"><img loading=\"lazy\" decoding=\"async\" class=\"wp-image-3338 alignleft\" src=\"https:\/\/comedordelarte.at\/wp-content\/uploads\/2026\/03\/Joschi_Portrait-300x300.jpg\" alt=\"\" width=\"221\" height=\"221\" srcset=\"https:\/\/comedordelarte.at\/wp-content\/uploads\/2026\/03\/Joschi_Portrait-300x300.jpg 300w, https:\/\/comedordelarte.at\/wp-content\/uploads\/2026\/03\/Joschi_Portrait-150x150.jpg 150w, https:\/\/comedordelarte.at\/wp-content\/uploads\/2026\/03\/Joschi_Portrait.jpg 462w\" sizes=\"auto, (max-width: 221px) 100vw, 221px\" \/><\/a>Josef Matscheko <\/strong>ist seit 2025 ein besonders aktives und impulsgebendes Mitglied unseres Vereins. Joschi, wie ihn alle nennen, ist hauptberuflich Musikprofessor an der P\u00e4dagogischen Hochschule der Di\u00f6zese Linz, und bringt sich daher vor allem musikalisch ins Spiel. So haben unsere Marktauftritte zu Weihnachten und Ostern, die zu den wichtigsten Einnahmequellen des Vereins z\u00e4hlen, durch sein gutgelauntes Klavierspiel wieder richtig Schwung bekommen. Heuer hat er gemeinsam mit Alexandra auch ein eigenes Osterhasenliederbuch entwickelt, das zugunsten des Vereins verkauft wurde. Joschi unterst\u00fctzt und coached auch unsere S\u00e4ngerinnen, Liudmyla und Mika, bei ihren Gesangsauftritten und ist auch sonst eine zupackende und zuverl\u00e4ssige St\u00fctze unserer Arbeit.<\/p>\n<p><a href=\"http:\/\/comedordelarte.at\/wp-content\/uploads\/2016\/01\/Mika.jpg\" rel=\"attachment wp-att-201\"><img loading=\"lazy\" decoding=\"async\" class=\"wp-image-201 alignleft\" src=\"http:\/\/comedordelarte.at\/wp-content\/uploads\/2016\/01\/Mika-300x281.jpg\" alt=\"Mika\" width=\"216\" height=\"203\" srcset=\"https:\/\/comedordelarte.at\/wp-content\/uploads\/2016\/01\/Mika-300x281.jpg 300w, https:\/\/comedordelarte.at\/wp-content\/uploads\/2016\/01\/Mika-768x720.jpg 768w, https:\/\/comedordelarte.at\/wp-content\/uploads\/2016\/01\/Mika.jpg 800w\" sizes=\"auto, (max-width: 216px) 100vw, 216px\" \/><\/a><strong>Mika Abdullaeva<\/strong> ist die musikalische Botschafterin des Comedors. Sie hat schon auf der Menschenrechtsb\u00fchne im Rahmen des Donauinselfestes und gemeinsam mit ihrer Schwester Aida bei der Er\u00f6ffnung der Weihnachtsstadt Hainfeld gesungen. In ihrer starken Stimme schwingt Hoffnung auf mehr Gerechtigkeit und die zarte Sehnsucht nach Gl\u00fcck mit.<\/p>\n<p>&nbsp;<\/p>\n<p><a href=\"http:\/\/comedordelarte.at\/wp-content\/uploads\/2016\/09\/Reinhard.jpg\"><img loading=\"lazy\" decoding=\"async\" class=\"wp-image-857 alignleft\" src=\"http:\/\/comedordelarte.at\/wp-content\/uploads\/2016\/09\/Reinhard-300x281.jpg\" alt=\"reinhard\" width=\"216\" height=\"203\" srcset=\"https:\/\/comedordelarte.at\/wp-content\/uploads\/2016\/09\/Reinhard-300x281.jpg 300w, https:\/\/comedordelarte.at\/wp-content\/uploads\/2016\/09\/Reinhard-768x720.jpg 768w, https:\/\/comedordelarte.at\/wp-content\/uploads\/2016\/09\/Reinhard.jpg 800w\" sizes=\"auto, (max-width: 216px) 100vw, 216px\" \/><\/a>Der geb\u00fcrtige Hainfelder<strong> Reinhard J\u00f6lli <\/strong>ist seit seiner Volksschulzeit mit Franz Witzmann befreundet gewesen. Beruflich wie privat zog es ihn allerdings in die weite Ferne. Reinhard lebt mit seiner Familie und seinen zwei S\u00f6hnen in San Francisco, USA. Mehrmals j\u00e4hrlich kommt der studierte Soziologe nach Hainfeld. Er versorgt uns mit \u00dcbersetzungen der Texte ins Englische.<\/p> ","protected":false},"excerpt":{"rendered":"<p>\u00a0 Seit J\u00e4nner 2017 ist Alexandra Eichenauer-Knoll die Obfrau von Herzverstand, dem Tr\u00e4gerverein des Comedor del Arte. Acht Jahre k\u00fcmmerte sie sich um Workshops im Haus, half mit Deutschunterricht, betreute die Website und schrieb die vielen guten Geschichten in Blogeintr\u00e4gen nieder. Seit dem Tod von Franz Witzmann im Juli 2023 ist sie allein f\u00fcr die &hellip; <a href=\"https:\/\/comedordelarte.at\/de\/das-haus\/team\/\" class=\"more-link\"><span class=\"screen-reader-text\">Das aktuelle Team<\/span> weiterlesen <span class=\"meta-nav\">&rarr;<\/span><\/a><\/p>\n","protected":false},"author":2,"featured_media":0,"parent":10,"menu_order":0,"comment_status":"closed","ping_status":"closed","template":"","meta":{"footnotes":""},"class_list":["post-13","page","type-page","status-publish","hentry"],"_links":{"self":[{"href":"https:\/\/comedordelarte.at\/de\/wp-json\/wp\/v2\/pages\/13","targetHints":{"allow":["GET"]}}],"collection":[{"href":"https:\/\/comedordelarte.at\/de\/wp-json\/wp\/v2\/pages"}],"about":[{"href":"https:\/\/comedordelarte.at\/de\/wp-json\/wp\/v2\/types\/page"}],"author":[{"embeddable":true,"href":"https:\/\/comedordelarte.at\/de\/wp-json\/wp\/v2\/users\/2"}],"replies":[{"embeddable":true,"href":"https:\/\/comedordelarte.at\/de\/wp-json\/wp\/v2\/comments?post=13"}],"version-history":[{"count":6,"href":"https:\/\/comedordelarte.at\/de\/wp-json\/wp\/v2\/pages\/13\/revisions"}],"predecessor-version":[{"id":3360,"href":"https:\/\/comedordelarte.at\/de\/wp-json\/wp\/v2\/pages\/13\/revisions\/3360"}],"up":[{"embeddable":true,"href":"https:\/\/comedordelarte.at\/de\/wp-json\/wp\/v2\/pages\/10"}],"wp:attachment":[{"href":"https:\/\/comedordelarte.at\/de\/wp-json\/wp\/v2\/media?parent=13"}],"curies":[{"name":"wp","href":"https:\/\/api.w.org\/{rel}","templated":true}]}}