{"id":2,"date":"2016-01-18T10:31:30","date_gmt":"2016-01-18T10:31:30","guid":{"rendered":"http:\/\/comedordelarte.at\/?page_id=2"},"modified":"2026-03-22T16:40:03","modified_gmt":"2026-03-22T15:40:03","slug":"idee","status":"publish","type":"page","link":"https:\/\/comedordelarte.at\/de\/","title":{"rendered":"Die Idee"},"content":{"rendered":"<p><\/p>\n<p class=\"p2\"><a href=\"https:\/\/comedordelarte.at\/wp-content\/uploads\/2022\/11\/Gruppenfoto_comedor-Blog.jpg\"><img loading=\"lazy\" decoding=\"async\" class=\"alignnone wp-image-2719 size-large\" src=\"https:\/\/comedordelarte.at\/wp-content\/uploads\/2022\/11\/Gruppenfoto_comedor-Blog-1024x680.jpg\" alt=\"\" width=\"604\" height=\"401\" srcset=\"https:\/\/comedordelarte.at\/wp-content\/uploads\/2022\/11\/Gruppenfoto_comedor-Blog-1024x680.jpg 1024w, https:\/\/comedordelarte.at\/wp-content\/uploads\/2022\/11\/Gruppenfoto_comedor-Blog-300x199.jpg 300w, https:\/\/comedordelarte.at\/wp-content\/uploads\/2022\/11\/Gruppenfoto_comedor-Blog-768x510.jpg 768w, https:\/\/comedordelarte.at\/wp-content\/uploads\/2022\/11\/Gruppenfoto_comedor-Blog.jpg 1366w\" sizes=\"auto, (max-width: 604px) 100vw, 604px\" \/><\/a><\/p>\n<p class=\"p2\"><b>Vielfalt<\/b> <b>und<\/b> <b>Verbundenheit<\/b> <b>sind<\/b> <b>die<\/b> <b>beiden<\/b> <b>S<\/b><span class=\"s1\">\u00e4<\/span><b>ulen<\/b> <b>des<\/b> <b>Projekts<\/b> <strong>COMEDOR\u00a0DEL ARTE.<br \/>\n<\/strong>Wir wollen sichtbar machen, wie reich und vielf\u00e4ltig unsere Welt ist. Unabh\u00e4ngig von Alter, Geschlecht, Hautfarbe, Abstammung, Religionsbekenntnis oder politischer Einstellung k\u00f6nnen sich im COMEDOR\u00a0DEL ARTE\u00a0Menschen begegnen, aktiv werden und sich kreativ artikulieren.\u00a0Wir wollen gemeinsam und miteinander die anstehenden und zuk\u00fcnftigen Probleme bew\u00e4ltigen. Mitgef\u00fchl, Solidarit\u00e4t, Betreuung, Begleitung, Mitmenschlichkeit und aktive N\u00e4chstenliebe sind Werte, die unsere Gesellschaft und wir alle dringend ben\u00f6tigen.<\/p>\n<p class=\"p2\"><b>Wie<\/b> <b>funktioniert<\/b> <b>der<\/b> <strong>COMEDOR\u00a0DEL ARTE<\/strong><b>?<br \/>\n<\/b>Jede und jeder ist willkommen &#8211;\u00a0mit seinen und ihren Ideen und mit seinen und ihren Talenten. So k\u00f6nnen wir <span class=\"s2\">gegen<\/span><span class=\"s2\">seitig<\/span> <span class=\"s2\">voneinander<\/span> <span class=\"s2\">lernen.<\/span><span class=\"Apple-converted-space\">\u00a0<\/span>Es gilt das <span class=\"s2\"><b>Prinzip<\/b><\/span> <span class=\"s2\"><b>der<\/b><\/span> <span class=\"s2\"><b>Freiwilligkeit<\/b><\/span>. Wer kann und will, darf unsere Projekt gerne unterst\u00fctzen.<\/p>\n<p><\/p> ","protected":false},"excerpt":{"rendered":"<p>Vielfalt und Verbundenheit sind die beiden S\u00e4ulen des Projekts COMEDOR\u00a0DEL ARTE. Wir wollen sichtbar machen, wie reich und vielf\u00e4ltig unsere Welt ist. Unabh\u00e4ngig von Alter, Geschlecht, Hautfarbe, Abstammung, Religionsbekenntnis oder politischer Einstellung k\u00f6nnen sich im COMEDOR\u00a0DEL ARTE\u00a0Menschen begegnen, aktiv werden und sich kreativ artikulieren.\u00a0Wir wollen gemeinsam und miteinander die anstehenden und zuk\u00fcnftigen Probleme bew\u00e4ltigen. Mitgef\u00fchl, &hellip; <a href=\"https:\/\/comedordelarte.at\/de\/\" class=\"more-link\"><span class=\"screen-reader-text\">Die Idee<\/span> weiterlesen <span class=\"meta-nav\">&rarr;<\/span><\/a><\/p>\n","protected":false},"author":2,"featured_media":0,"parent":0,"menu_order":0,"comment_status":"closed","ping_status":"closed","template":"","meta":{"footnotes":""},"class_list":["post-2","page","type-page","status-publish","hentry"],"_links":{"self":[{"href":"https:\/\/comedordelarte.at\/de\/wp-json\/wp\/v2\/pages\/2","targetHints":{"allow":["GET"]}}],"collection":[{"href":"https:\/\/comedordelarte.at\/de\/wp-json\/wp\/v2\/pages"}],"about":[{"href":"https:\/\/comedordelarte.at\/de\/wp-json\/wp\/v2\/types\/page"}],"author":[{"embeddable":true,"href":"https:\/\/comedordelarte.at\/de\/wp-json\/wp\/v2\/users\/2"}],"replies":[{"embeddable":true,"href":"https:\/\/comedordelarte.at\/de\/wp-json\/wp\/v2\/comments?post=2"}],"version-history":[{"count":6,"href":"https:\/\/comedordelarte.at\/de\/wp-json\/wp\/v2\/pages\/2\/revisions"}],"predecessor-version":[{"id":3337,"href":"https:\/\/comedordelarte.at\/de\/wp-json\/wp\/v2\/pages\/2\/revisions\/3337"}],"wp:attachment":[{"href":"https:\/\/comedordelarte.at\/de\/wp-json\/wp\/v2\/media?parent=2"}],"curies":[{"name":"wp","href":"https:\/\/api.w.org\/{rel}","templated":true}]}}