{"id":20,"date":"2016-01-20T10:53:17","date_gmt":"2016-01-20T09:53:17","guid":{"rendered":"http:\/\/comedordelarte.at\/?page_id=20"},"modified":"2026-03-22T18:30:11","modified_gmt":"2026-03-22T17:30:11","slug":"ausbau","status":"publish","type":"page","link":"https:\/\/comedordelarte.at\/de\/das-haus\/ausbau\/","title":{"rendered":"Das Haus (2016 &#8211; 2023)"},"content":{"rendered":"<p>Die Idee zum Comedor del Arte stammt von dem Hainfelder <strong>Franz Witzmann<\/strong>. Er wollte immer schon ein Haus betreuen, in dem sich Menschen kostenlos auf kreative und spielerische Weise entfalten k\u00f6nnen. Im Rahmen und mit Unterst\u00fctzung des Sozialfestivals \u201e<em>Tu was, dann tut sich was.\u201c<\/em> konnte er seinen Traum endlich wahr werden lassen. Drei weitere Jahre wurde die Miete des Hauses dann als Leader-Projekt finanziert.<\/p>\n<figure id=\"attachment_165\" aria-describedby=\"caption-attachment-165\" style=\"width: 216px\" class=\"wp-caption alignleft\"><img loading=\"lazy\" decoding=\"async\" class=\"wp-image-165\" src=\"http:\/\/comedordelarte.at\/wp-content\/uploads\/2016\/01\/Franz_web-300x281.jpg\" alt=\"Franz_web\" width=\"216\" height=\"202\" srcset=\"https:\/\/comedordelarte.at\/wp-content\/uploads\/2016\/01\/Franz_web-300x281.jpg 300w, https:\/\/comedordelarte.at\/wp-content\/uploads\/2016\/01\/Franz_web-768x720.jpg 768w, https:\/\/comedordelarte.at\/wp-content\/uploads\/2016\/01\/Franz_web.jpg 800w\" sizes=\"auto, (max-width: 216px) 100vw, 216px\" \/><figcaption id=\"caption-attachment-165\" class=\"wp-caption-text\">Franz Witzmann<\/figcaption><\/figure>\n<p>Von J\u00e4nner 2016 bis Juni 2023 hatten wir dieses Haus gemietet \u2013 mitten in Hainfeld und doch gesch\u00fctzt vom Stra\u00dfenverkehr. Acht Jahre lang leitete Franz Witzmann den sogenannten Comedor del Arte und war meist t\u00e4glich f\u00fcr die Menschen, zum Schluss vor allem f\u00fcr die Kinder, erreichbar.<\/p>\n<p>Im Erdgescho\u00df hatten wir zwei R\u00e4ume, die zum Kochen, f\u00fcr den Unterricht und zu geselligem Beisammensein genutzt wurden. Die R\u00e4ume im ersten Stock wurden als Film-, Computer-, Lern- und N\u00e4hwerkstatt eingesetzt. Nach der Corona-Pandemie bis zur Schlie\u00dfung im Jahre 2023 wurde vor allem Kindern bei ihren Hausaufgaben geholfen und immer wieder wurden auch nach Bedarf Deutschlerngruppen organisiert.<\/p>\n<p><a href=\"http:\/\/comedordelarte.at\/wp-content\/uploads\/2016\/01\/DasHaus_Web.jpg\" rel=\"attachment wp-att-158\"><img loading=\"lazy\" decoding=\"async\" class=\"wp-image-158 alignleft\" src=\"http:\/\/comedordelarte.at\/wp-content\/uploads\/2016\/01\/DasHaus_Web.jpg\" alt=\"DasHaus_Web\" width=\"449\" height=\"298\" \/><\/a><\/p>\n<p>&nbsp;<\/p>\n<p>&nbsp;<\/p>\n<p>&nbsp;<\/p>\n<p>&nbsp;<\/p>\n<p>&nbsp;<\/p>\n<p>&nbsp;<\/p>\n<p>&nbsp;<\/p>\n<p>Aufgrund der laufend steigenden Mietkosten beschlossen wir bei der Generalversammung 2023 das Haus aufzugeben. Am 7. Juli 2023 ist Franz Witzmann traurigerweise verstorben.<\/p>\n<p>Der Verein Herzverstand als Tr\u00e4gerorganisation blieb aber bestehen. Denn es besteht noch Bedarf an Begleitung (zB Hilfe bei Arztbesuchen, Beh\u00f6rdeng\u00e4ngen, Gespr\u00e4chen \u00fcber Job-, Ausbildung- und Wohnungssuche) und auch an finanzieller Unterst\u00fctzung. So wurden zB Therapiekosten bezahlt, einmal ein F\u00fchrerscheinkurs, \u00a0Kinderbetten oder Schullandwochen.<\/p>\n<p>Der Comedor del Arte war urspr\u00fcnglich ein Haus und wurde im Laufe der Jahre zu einer gro\u00dfen Familie, die verstreut \u00fcber ganz \u00d6sterreich und teilweise auch im Ausland lebt. Heute kommunizieren wir viel \u00fcber social media und treffen uns andernorts.<\/p> ","protected":false},"excerpt":{"rendered":"<p>Die Idee zum Comedor del Arte stammt von dem Hainfelder Franz Witzmann. Er wollte immer schon ein Haus betreuen, in dem sich Menschen kostenlos auf kreative und spielerische Weise entfalten k\u00f6nnen. Im Rahmen und mit Unterst\u00fctzung des Sozialfestivals \u201eTu was, dann tut sich was.\u201c konnte er seinen Traum endlich wahr werden lassen. Drei weitere Jahre &hellip; <a href=\"https:\/\/comedordelarte.at\/de\/das-haus\/ausbau\/\" class=\"more-link\"><span class=\"screen-reader-text\">Das Haus (2016 &#8211; 2023)<\/span> weiterlesen <span class=\"meta-nav\">&rarr;<\/span><\/a><\/p>\n","protected":false},"author":2,"featured_media":0,"parent":10,"menu_order":2,"comment_status":"closed","ping_status":"closed","template":"","meta":{"footnotes":""},"class_list":["post-20","page","type-page","status-publish","hentry"],"_links":{"self":[{"href":"https:\/\/comedordelarte.at\/de\/wp-json\/wp\/v2\/pages\/20","targetHints":{"allow":["GET"]}}],"collection":[{"href":"https:\/\/comedordelarte.at\/de\/wp-json\/wp\/v2\/pages"}],"about":[{"href":"https:\/\/comedordelarte.at\/de\/wp-json\/wp\/v2\/types\/page"}],"author":[{"embeddable":true,"href":"https:\/\/comedordelarte.at\/de\/wp-json\/wp\/v2\/users\/2"}],"replies":[{"embeddable":true,"href":"https:\/\/comedordelarte.at\/de\/wp-json\/wp\/v2\/comments?post=20"}],"version-history":[{"count":6,"href":"https:\/\/comedordelarte.at\/de\/wp-json\/wp\/v2\/pages\/20\/revisions"}],"predecessor-version":[{"id":3362,"href":"https:\/\/comedordelarte.at\/de\/wp-json\/wp\/v2\/pages\/20\/revisions\/3362"}],"up":[{"embeddable":true,"href":"https:\/\/comedordelarte.at\/de\/wp-json\/wp\/v2\/pages\/10"}],"wp:attachment":[{"href":"https:\/\/comedordelarte.at\/de\/wp-json\/wp\/v2\/media?parent=20"}],"curies":[{"name":"wp","href":"https:\/\/api.w.org\/{rel}","templated":true}]}}