{"id":25,"date":"2016-01-20T10:56:13","date_gmt":"2016-01-20T09:56:13","guid":{"rendered":"http:\/\/comedordelarte.at\/?page_id=25"},"modified":"2025-03-21T13:08:29","modified_gmt":"2025-03-21T12:08:29","slug":"wie-kann-ich-mitarbeiten","status":"publish","type":"page","link":"https:\/\/comedordelarte.at\/de\/hilfe\/wie-kann-ich-mitarbeiten\/","title":{"rendered":"Wie kann ich mitarbeiten?"},"content":{"rendered":"<p><strong><a href=\"http:\/\/comedordelarte.at\/wp-content\/uploads\/2016\/01\/a_Mensch_sein-e1453756646203.jpg\" rel=\"attachment wp-att-102\"><img loading=\"lazy\" decoding=\"async\" class=\"alignnone wp-image-102\" src=\"http:\/\/comedordelarte.at\/wp-content\/uploads\/2016\/01\/a_Mensch_sein-300x187.jpg\" alt=\"a_Mensch_sein\" width=\"541\" height=\"337\" \/><\/a><\/strong><\/p>\n<p><strong>So kann man sich im Verein Herzverstand \u00a0engagieren:<\/strong><\/p>\n<ul>\n<li>Mit Zeit und Kreativit\u00e4t<\/li>\n<li>Mit Deutsch-Lernbegleitung<\/li>\n<li>Sich Zeit nehmen, um Spiele zu spielen, gemeinsam zu lernen oder B\u00fccher zu lesen.<\/li>\n<li>Sich mit einer Familie intensiver anfreunden und diese bei ihrem (Neu)Start in \u00d6sterreich begleiten.<\/li>\n<li>Mit Sachleistungen: z.B. Kinderb\u00fcchern, Malstifte, Sportsachen<\/li>\n<li>Werden Sie MItglied im Verein Herzverstand. \u00a0Spenden Sie j\u00e4hrlich 25,- Euro f\u00fcr einen guten Zweck. \u00a0Sie werden zur Generalversammlung eingeladen und bekommen viele Hintergrundinformationen zu unserer Arbeit. Die Mitgliedschaft wird immer f\u00fcr ein Jahr bezahlt. Das Antragsformular ist hier zum Downdload:<\/li>\n<\/ul>\n<p><a href=\"https:\/\/comedordelarte.at\/wp-content\/uploads\/2025\/03\/Herzverstand_Mitgliedsantrag_A4_2025.pdf\">Herzverstand_Mitgliedsantrag_A4_2025<\/a><\/p> ","protected":false},"excerpt":{"rendered":"<p>So kann man sich im Verein Herzverstand \u00a0engagieren: Mit Zeit und Kreativit\u00e4t Mit Deutsch-Lernbegleitung Sich Zeit nehmen, um Spiele zu spielen, gemeinsam zu lernen oder B\u00fccher zu lesen. Sich mit einer Familie intensiver anfreunden und diese bei ihrem (Neu)Start in \u00d6sterreich begleiten. Mit Sachleistungen: z.B. Kinderb\u00fcchern, Malstifte, Sportsachen Werden Sie MItglied im Verein Herzverstand. \u00a0Spenden &hellip; <a href=\"https:\/\/comedordelarte.at\/de\/hilfe\/wie-kann-ich-mitarbeiten\/\" class=\"more-link\"><span class=\"screen-reader-text\">Wie kann ich mitarbeiten?<\/span> weiterlesen <span class=\"meta-nav\">&rarr;<\/span><\/a><\/p>\n","protected":false},"author":2,"featured_media":0,"parent":23,"menu_order":0,"comment_status":"closed","ping_status":"closed","template":"","meta":{"footnotes":""},"class_list":["post-25","page","type-page","status-publish","hentry"],"_links":{"self":[{"href":"https:\/\/comedordelarte.at\/de\/wp-json\/wp\/v2\/pages\/25","targetHints":{"allow":["GET"]}}],"collection":[{"href":"https:\/\/comedordelarte.at\/de\/wp-json\/wp\/v2\/pages"}],"about":[{"href":"https:\/\/comedordelarte.at\/de\/wp-json\/wp\/v2\/types\/page"}],"author":[{"embeddable":true,"href":"https:\/\/comedordelarte.at\/de\/wp-json\/wp\/v2\/users\/2"}],"replies":[{"embeddable":true,"href":"https:\/\/comedordelarte.at\/de\/wp-json\/wp\/v2\/comments?post=25"}],"version-history":[{"count":6,"href":"https:\/\/comedordelarte.at\/de\/wp-json\/wp\/v2\/pages\/25\/revisions"}],"predecessor-version":[{"id":3227,"href":"https:\/\/comedordelarte.at\/de\/wp-json\/wp\/v2\/pages\/25\/revisions\/3227"}],"up":[{"embeddable":true,"href":"https:\/\/comedordelarte.at\/de\/wp-json\/wp\/v2\/pages\/23"}],"wp:attachment":[{"href":"https:\/\/comedordelarte.at\/de\/wp-json\/wp\/v2\/media?parent=25"}],"curies":[{"name":"wp","href":"https:\/\/api.w.org\/{rel}","templated":true}]}}