{"id":31,"date":"2016-01-20T10:58:51","date_gmt":"2016-01-20T09:58:51","guid":{"rendered":"http:\/\/comedordelarte.at\/?page_id=31"},"modified":"2025-10-15T11:51:03","modified_gmt":"2025-10-15T09:51:03","slug":"wo-kann-ich-spenden","status":"publish","type":"page","link":"https:\/\/comedordelarte.at\/de\/hilfe\/wo-kann-ich-spenden\/","title":{"rendered":"Wo kann ich spenden?"},"content":{"rendered":"<p><strong>Die Kontonummer<\/strong>\u00a0 lautet:<br \/>\nVerein Herzverstand<br \/>\nSparkasse N\u00d6 Mitte West<br \/>\nBIC SPSPAT21XXX<br \/>\nIBAN AT96 2025 6000 0151 4306<\/p>\n<h4><span style=\"color: #ff0000;\"><strong>Wir freuen uns auch \u00fcber neue Mitglieder!<\/strong><\/span><\/h4>\n<p><strong>Werden Sie MItglied im Verein Herzverstand,<\/strong> <strong>dem Tr\u00e4gerverein des Comedor del Arte.<\/strong> Spenden Sie j\u00e4hrlich 25,- Euro f\u00fcr einen guten Zweck. Sie k\u00f6nnen jederzeit zu den \u00d6ffnungszeiten vorbeikommen, sich informieren, plaudern, Ideen einbringen etc. Sie werden zur Generalversammlung eingeladen und bekommen Hintergrundinformationen zu unserer Arbeit. Die Mitgliedschaft wird immer f\u00fcr ein Jahr bezahlt. Das Antragsformular ist hier zum Downdload:<\/p>\n<p><a href=\"https:\/\/comedordelarte.at\/wp-content\/uploads\/2020\/12\/Herzverstand_Beitrittsformular.pdf\">Herzverstand_Beitrittsformular<\/a><\/p>\n<p><a href=\"http:\/\/comedordelarte.at\/wp-content\/uploads\/2016\/01\/Comedorstandl_web.jpg\" rel=\"attachment wp-att-208\"><img loading=\"lazy\" decoding=\"async\" class=\" wp-image-208 alignleft\" src=\"http:\/\/comedordelarte.at\/wp-content\/uploads\/2016\/01\/Comedorstandl_web-300x199.jpg\" alt=\"Comedorstandl_web\" width=\"532\" height=\"353\" srcset=\"https:\/\/comedordelarte.at\/wp-content\/uploads\/2016\/01\/Comedorstandl_web-300x199.jpg 300w, https:\/\/comedordelarte.at\/wp-content\/uploads\/2016\/01\/Comedorstandl_web-768x510.jpg 768w, https:\/\/comedordelarte.at\/wp-content\/uploads\/2016\/01\/Comedorstandl_web.jpg 800w\" sizes=\"auto, (max-width: 532px) 100vw, 532px\" \/><\/a><\/p> ","protected":false},"excerpt":{"rendered":"<p>Die Kontonummer\u00a0 lautet: Verein Herzverstand Sparkasse N\u00d6 Mitte West BIC SPSPAT21XXX IBAN AT96 2025 6000 0151 4306 Wir freuen uns auch \u00fcber neue Mitglieder! Werden Sie MItglied im Verein Herzverstand, dem Tr\u00e4gerverein des Comedor del Arte. Spenden Sie j\u00e4hrlich 25,- Euro f\u00fcr einen guten Zweck. Sie k\u00f6nnen jederzeit zu den \u00d6ffnungszeiten vorbeikommen, sich informieren, plaudern, &hellip; <a href=\"https:\/\/comedordelarte.at\/de\/hilfe\/wo-kann-ich-spenden\/\" class=\"more-link\"><span class=\"screen-reader-text\">Wo kann ich spenden?<\/span> weiterlesen <span class=\"meta-nav\">&rarr;<\/span><\/a><\/p>\n","protected":false},"author":2,"featured_media":0,"parent":23,"menu_order":2,"comment_status":"closed","ping_status":"closed","template":"","meta":{"footnotes":""},"class_list":["post-31","page","type-page","status-publish","hentry"],"_links":{"self":[{"href":"https:\/\/comedordelarte.at\/de\/wp-json\/wp\/v2\/pages\/31","targetHints":{"allow":["GET"]}}],"collection":[{"href":"https:\/\/comedordelarte.at\/de\/wp-json\/wp\/v2\/pages"}],"about":[{"href":"https:\/\/comedordelarte.at\/de\/wp-json\/wp\/v2\/types\/page"}],"author":[{"embeddable":true,"href":"https:\/\/comedordelarte.at\/de\/wp-json\/wp\/v2\/users\/2"}],"replies":[{"embeddable":true,"href":"https:\/\/comedordelarte.at\/de\/wp-json\/wp\/v2\/comments?post=31"}],"version-history":[{"count":6,"href":"https:\/\/comedordelarte.at\/de\/wp-json\/wp\/v2\/pages\/31\/revisions"}],"predecessor-version":[{"id":3253,"href":"https:\/\/comedordelarte.at\/de\/wp-json\/wp\/v2\/pages\/31\/revisions\/3253"}],"up":[{"embeddable":true,"href":"https:\/\/comedordelarte.at\/de\/wp-json\/wp\/v2\/pages\/23"}],"wp:attachment":[{"href":"https:\/\/comedordelarte.at\/de\/wp-json\/wp\/v2\/media?parent=31"}],"curies":[{"name":"wp","href":"https:\/\/api.w.org\/{rel}","templated":true}]}}