{"id":38,"date":"2016-01-20T11:08:39","date_gmt":"2016-01-20T10:08:39","guid":{"rendered":"http:\/\/comedordelarte.at\/?page_id=38"},"modified":"2026-03-10T17:37:05","modified_gmt":"2026-03-10T16:37:05","slug":"links","status":"publish","type":"page","link":"https:\/\/comedordelarte.at\/de\/links\/","title":{"rendered":"Freunde und Unterst\u00fctzer"},"content":{"rendered":"<p><strong>Der Verein Herzverstand ist Mitglied bei \u00a0<\/strong><a href=\"https:\/\/zusammenhaltnoe.at\" target=\"_blank\" rel=\"noopener\">#zusammenHaltN\u00d6<\/a><\/p>\n<p><strong>Freunde und Partner:<br \/>\n<\/strong><a href=\"http:\/\/fluechtlingsdienst.diakonie.at\/\" target=\"_blank\" rel=\"noopener\">Diakonie Fl\u00fcchtlingshilfe<\/a><br \/>\n<a href=\"http:\/\/www.neulengbachhilft.at\/\" target=\"_blank\" rel=\"noopener\">Neulengbach Hilft<\/a><br \/>\n<a href=\"http:\/\/www.netzwerk-miteinander.com\/\" target=\"_blank\" rel=\"noopener\">Netzwerk-Miteinander<\/a>, Lilienfeld<br \/>\n<a href=\"http:\/\/www.lebensgutmiteinander.com\" target=\"_blank\" rel=\"noopener\">Lebensgut Miteinander<\/a>, Rohrbach<br \/>\n<a href=\"http:\/\/www.hainfeld.at\" target=\"_blank\" rel=\"noopener\">Stadtgemeinde Hainfeld<\/a><br \/>\nStadtmarketingverein <a href=\"http:\/\/www.wirhainfelder.at\" target=\"_blank\" rel=\"noopener\">Wir-Hainfelder<br \/>\n<\/a>Sozialprojekt<a href=\"https:\/\/www.facebook.com\/1000taschen\/\" target=\"_blank\" rel=\"noopener\"> 1000 taschen<\/a><br \/>\n<a href=\"http:\/\/www.bhw-n.eu\/projekte\/blickpunkt-deutsch.html\" target=\"_blank\" rel=\"noopener\">BhW \u2013 Bildung hat Wert &#8211; Blickpunkt Deutsch<\/a><br \/>\n<a href=\"https:\/\/www.mwoe.at\/\" target=\"_blank\" rel=\"noopener\">menschen.w\u00fcrde.\u00f6sterreich<\/a><\/p>\n<p><strong>Wir danken allen Unterst\u00fctzern<br \/>\n<\/strong><\/p>\n<p><a href=\"https:\/\/comedordelarte.at\/wp-content\/uploads\/2021\/03\/luxbau_logogemeinwohloekonomie_hoch_RGB_100mm.jpg\"><img loading=\"lazy\" decoding=\"async\" class=\"alignnone wp-image-2412\" src=\"https:\/\/comedordelarte.at\/wp-content\/uploads\/2021\/03\/luxbau_logogemeinwohloekonomie_hoch_RGB_100mm-229x300.jpg\" alt=\"\" width=\"162\" height=\"212\" srcset=\"https:\/\/comedordelarte.at\/wp-content\/uploads\/2021\/03\/luxbau_logogemeinwohloekonomie_hoch_RGB_100mm-229x300.jpg 229w, https:\/\/comedordelarte.at\/wp-content\/uploads\/2021\/03\/luxbau_logogemeinwohloekonomie_hoch_RGB_100mm-781x1024.jpg 781w, https:\/\/comedordelarte.at\/wp-content\/uploads\/2021\/03\/luxbau_logogemeinwohloekonomie_hoch_RGB_100mm-768x1007.jpg 768w, https:\/\/comedordelarte.at\/wp-content\/uploads\/2021\/03\/luxbau_logogemeinwohloekonomie_hoch_RGB_100mm-1172x1536.jpg 1172w, https:\/\/comedordelarte.at\/wp-content\/uploads\/2021\/03\/luxbau_logogemeinwohloekonomie_hoch_RGB_100mm.jpg 1262w\" sizes=\"auto, (max-width: 162px) 100vw, 162px\" \/><\/a><\/p>\n<p><a href=\"http:\/\/comedordelarte.at\/wp-content\/uploads\/2016\/01\/Tu-was-Logo-Mostviertel-Mitte.jpg\" rel=\"attachment wp-att-133\"><img loading=\"lazy\" decoding=\"async\" class=\"alignnone wp-image-133\" src=\"http:\/\/comedordelarte.at\/wp-content\/uploads\/2016\/01\/Tu-was-Logo-Mostviertel-Mitte-194x300.jpg\" alt=\"Tu-was-Logo Mostviertel-Mitte\" width=\"95\" height=\"147\" srcset=\"https:\/\/comedordelarte.at\/wp-content\/uploads\/2016\/01\/Tu-was-Logo-Mostviertel-Mitte-194x300.jpg 194w, https:\/\/comedordelarte.at\/wp-content\/uploads\/2016\/01\/Tu-was-Logo-Mostviertel-Mitte.jpg 482w\" sizes=\"auto, (max-width: 95px) 100vw, 95px\" \/><\/a><\/p>\n<p><strong><a href=\"http:\/\/comedordelarte.at\/wp-content\/uploads\/2017\/03\/Leader_Bund_NOE_low.jpg\"><img loading=\"lazy\" decoding=\"async\" class=\"alignnone size-medium wp-image-1148\" src=\"http:\/\/comedordelarte.at\/wp-content\/uploads\/2017\/03\/Leader_Bund_NOE_low-300x48.jpg\" alt=\"\" width=\"300\" height=\"48\" srcset=\"https:\/\/comedordelarte.at\/wp-content\/uploads\/2017\/03\/Leader_Bund_NOE_low-300x48.jpg 300w, https:\/\/comedordelarte.at\/wp-content\/uploads\/2017\/03\/Leader_Bund_NOE_low-768x122.jpg 768w, https:\/\/comedordelarte.at\/wp-content\/uploads\/2017\/03\/Leader_Bund_NOE_low.jpg 894w\" sizes=\"auto, (max-width: 300px) 100vw, 300px\" \/><\/a><\/strong><\/p>\n<p><a href=\"http:\/\/comedordelarte.at\/wp-content\/uploads\/2016\/02\/Privatstiftung-Sparkasse-Hainfeld-Kopie.jpg\" rel=\"attachment wp-att-322\"><img loading=\"lazy\" decoding=\"async\" class=\"alignnone size-medium wp-image-322\" src=\"http:\/\/comedordelarte.at\/wp-content\/uploads\/2016\/02\/Privatstiftung-Sparkasse-Hainfeld-Kopie-300x61.jpg\" alt=\"Privatstiftung Sparkasse Hainfeld Kopie\" width=\"300\" height=\"61\" srcset=\"https:\/\/comedordelarte.at\/wp-content\/uploads\/2016\/02\/Privatstiftung-Sparkasse-Hainfeld-Kopie-300x61.jpg 300w, https:\/\/comedordelarte.at\/wp-content\/uploads\/2016\/02\/Privatstiftung-Sparkasse-Hainfeld-Kopie-768x155.jpg 768w, https:\/\/comedordelarte.at\/wp-content\/uploads\/2016\/02\/Privatstiftung-Sparkasse-Hainfeld-Kopie-1024x207.jpg 1024w, https:\/\/comedordelarte.at\/wp-content\/uploads\/2016\/02\/Privatstiftung-Sparkasse-Hainfeld-Kopie-1200x243.jpg 1200w, https:\/\/comedordelarte.at\/wp-content\/uploads\/2016\/02\/Privatstiftung-Sparkasse-Hainfeld-Kopie.jpg 1919w\" sizes=\"auto, (max-width: 300px) 100vw, 300px\" \/><\/a><\/p>\n<p><strong>Dank an den <a href=\"http:\/\/www.erstestiftung.org\/weil-jeder-mensch-zaehlt\/\" target=\"_blank\" rel=\"noopener\">Fl\u00fcchtlingsfonds der ERSTE Stiftung<\/a>. Mit diesem Geld k\u00f6nnen wir einen Schulungsraum aufbauen.<br \/>\n<\/strong><\/p>\n<p><a href=\"http:\/\/comedordelarte.at\/wp-content\/uploads\/2016\/03\/ErsteStiftung-Logo-positiv-transp.png\" rel=\"attachment wp-att-355\"><img loading=\"lazy\" decoding=\"async\" class=\"alignnone wp-image-355\" src=\"http:\/\/comedordelarte.at\/wp-content\/uploads\/2016\/03\/ErsteStiftung-Logo-positiv-transp-300x102.png\" alt=\"ErsteStiftung-Logo-positiv-transp\" width=\"265\" height=\"90\" srcset=\"https:\/\/comedordelarte.at\/wp-content\/uploads\/2016\/03\/ErsteStiftung-Logo-positiv-transp-300x102.png 300w, https:\/\/comedordelarte.at\/wp-content\/uploads\/2016\/03\/ErsteStiftung-Logo-positiv-transp-768x262.png 768w, https:\/\/comedordelarte.at\/wp-content\/uploads\/2016\/03\/ErsteStiftung-Logo-positiv-transp-1024x350.png 1024w, https:\/\/comedordelarte.at\/wp-content\/uploads\/2016\/03\/ErsteStiftung-Logo-positiv-transp.png 1063w\" sizes=\"auto, (max-width: 265px) 100vw, 265px\" \/><\/a><\/p>\n<p>&nbsp;<\/p>\n<p><strong>Herzlichen Dank f\u00fcr tatkr\u00e4ftige Unterst\u00fctzung an:<br \/>\n<\/strong><a href=\"http:\/\/www.luxbau.at\/\" target=\"_blank\" rel=\"noopener\">Firma Luxbau<\/a>, Hainfeld<br \/>\n<a href=\"http:\/\/www.tintenblau.at\" target=\"_blank\" rel=\"noopener\">Schreibstube Tintenblau<\/a>, Hainfeld<br \/>\n<a href=\"http:\/\/www.karunamusic.at\/\" target=\"_blank\" rel=\"noopener\">Karuna Music<\/a>, St. Aegyd<br \/>\n<a href=\"http:\/\/www.umland.at\" target=\"_blank\" rel=\"noopener\">um.land<\/a> &#8211; Ingenieurb\u00fcro f\u00fcr Landschaftsplanung, Hainfeld<br \/>\n<a href=\"http:\/\/www.bichler.at\" target=\"_blank\" rel=\"noopener\">Bichler Transporte<\/a>, Rohrbach<\/p>\n<p><strong>Informationsvideos speziell f\u00fcr afghanische Asylwerbende<\/strong><br \/>\n<a href=\"https:\/\/www.youtube.com\/playlist?list=PLAun2a-bDmeQtNg8_2J32QfkmmiYIfsQx\" target=\"_blank\" rel=\"noopener\">Informationsvideos der Asylkoordination<\/a><strong><br \/>\n<\/strong><\/p>\n<p><strong>Information \u00fcber Gratiskonto f\u00fcr Asylwerbende<br \/>\n<\/strong><a href=\"https:\/\/www.erstegroup.com\/de\/news-media\/presseaussendungen\/2015\/09\/08\/gratiskonto-asylwerbende\" target=\"_blank\" rel=\"noopener\">Gratiskonto<\/a><strong><br \/>\n<\/strong><\/p> ","protected":false},"excerpt":{"rendered":"<p>Der Verein Herzverstand ist Mitglied bei \u00a0#zusammenHaltN\u00d6 Freunde und Partner: Diakonie Fl\u00fcchtlingshilfe Neulengbach Hilft Netzwerk-Miteinander, Lilienfeld Lebensgut Miteinander, Rohrbach Stadtgemeinde Hainfeld Stadtmarketingverein Wir-Hainfelder Sozialprojekt 1000 taschen BhW \u2013 Bildung hat Wert &#8211; Blickpunkt Deutsch menschen.w\u00fcrde.\u00f6sterreich Wir danken allen Unterst\u00fctzern Dank an den Fl\u00fcchtlingsfonds der ERSTE Stiftung. Mit diesem Geld k\u00f6nnen wir einen Schulungsraum aufbauen. &nbsp; &hellip; <a href=\"https:\/\/comedordelarte.at\/de\/links\/\" class=\"more-link\"><span class=\"screen-reader-text\">Freunde und Unterst\u00fctzer<\/span> weiterlesen <span class=\"meta-nav\">&rarr;<\/span><\/a><\/p>\n","protected":false},"author":2,"featured_media":0,"parent":0,"menu_order":0,"comment_status":"closed","ping_status":"closed","template":"","meta":{"footnotes":""},"class_list":["post-38","page","type-page","status-publish","hentry"],"_links":{"self":[{"href":"https:\/\/comedordelarte.at\/de\/wp-json\/wp\/v2\/pages\/38","targetHints":{"allow":["GET"]}}],"collection":[{"href":"https:\/\/comedordelarte.at\/de\/wp-json\/wp\/v2\/pages"}],"about":[{"href":"https:\/\/comedordelarte.at\/de\/wp-json\/wp\/v2\/types\/page"}],"author":[{"embeddable":true,"href":"https:\/\/comedordelarte.at\/de\/wp-json\/wp\/v2\/users\/2"}],"replies":[{"embeddable":true,"href":"https:\/\/comedordelarte.at\/de\/wp-json\/wp\/v2\/comments?post=38"}],"version-history":[{"count":6,"href":"https:\/\/comedordelarte.at\/de\/wp-json\/wp\/v2\/pages\/38\/revisions"}],"predecessor-version":[{"id":3318,"href":"https:\/\/comedordelarte.at\/de\/wp-json\/wp\/v2\/pages\/38\/revisions\/3318"}],"wp:attachment":[{"href":"https:\/\/comedordelarte.at\/de\/wp-json\/wp\/v2\/media?parent=38"}],"curies":[{"name":"wp","href":"https:\/\/api.w.org\/{rel}","templated":true}]}}